{"id":32776,"date":"2019-12-19T15:22:40","date_gmt":"2019-12-19T14:22:40","guid":{"rendered":"https:\/\/the-green-workers.com\/?page_id=32776"},"modified":"2022-05-08T00:02:09","modified_gmt":"2022-05-07T22:02:09","slug":"fassade-wdvs-borussiastrasse","status":"publish","type":"page","link":"https:\/\/the-green-workers.com\/en\/projects\/facade-etics-borussiastrasse\/","title":{"rendered":"Facade ETICS Borussiastra\u00dfe"},"content":{"rendered":"<p>[et_pb_section fb_built=&#8220;1&#8243; _builder_version=&#8220;4.17.3&#8243; _module_preset=&#8220;default&#8220; custom_padding=&#8220;0px||0px||false|false&#8220; global_module=&#8220;33261&#8243; saved_tabs=&#8220;all&#8220; global_colors_info=&#8220;{}&#8220; custom_margin__hover_enabled=&#8220;off|desktop&#8220; locked=&#8220;off&#8220;][et_pb_row _builder_version=&#8220;4.17.3&#8243; _module_preset=&#8220;default&#8220; width=&#8220;98%&#8220; max_width=&#8220;100%&#8220; module_alignment=&#8220;center&#8220; custom_padding=&#8220;5px||5px||true|false&#8220; global_colors_info=&#8220;{}&#8220;][et_pb_column type=&#8220;4_4&#8243; _builder_version=&#8220;4.17.3&#8243; _module_preset=&#8220;default&#8220; global_colors_info=&#8220;{}&#8220;][lwp_divi_breadcrumbs home_text=&#8220;Startseite&#8220; font_icon=&#8220;&#x35;||divi||400&#8243; link_color=&#8220;#40AF5F&#8220; separator_color=&#8220;#666666&#8243; current_text_color=&#8220;#666666&#8243; _builder_version=&#8220;4.17.3&#8243; _module_preset=&#8220;default&#8220; module_text_align=&#8220;center&#8220; module_text_color=&#8220;#666666&#8243; text_orientation=&#8220;center&#8220; module_alignment=&#8220;center&#8220; global_colors_info=&#8220;{}&#8220;][\/lwp_divi_breadcrumbs][\/et_pb_column][\/et_pb_row][\/et_pb_section][et_pb_section fb_built=&#8220;1&#8243; module_id=&#8220;LEISTUNGEN&#8220; module_class=&#8220;LEISTUNGEN&#8220; _builder_version=&#8220;4.17.3&#8243; custom_padding=&#8220;18px|0px|15px|0px|false|false&#8220; global_colors_info=&#8220;{}&#8220; locked=&#8220;off&#8220;][et_pb_row _builder_version=&#8220;4.16&#8243; custom_padding=&#8220;27px|0px|27px|0px|false|false&#8220; locked=&#8220;off&#8220; global_colors_info=&#8220;{}&#8220;][et_pb_column type=&#8220;4_4&#8243; _builder_version=&#8220;4.16&#8243; custom_padding=&#8220;|||&#8220; global_colors_info=&#8220;{}&#8220; custom_padding__hover=&#8220;|||&#8220;][et_pb_divider divider_weight=&#8220;3px&#8220; disabled_on=&#8220;off|off|off&#8220; _builder_version=&#8220;4.16&#8243; background_color_gradient_direction=&#8220;90deg&#8220; max_width=&#8220;100px&#8220; module_alignment=&#8220;center&#8220; height=&#8220;5px&#8220; custom_margin=&#8220;||20px|&#8220; custom_padding=&#8220;||20px|&#8220; animation_style=&#8220;slide&#8220; animation_direction=&#8220;bottom&#8220; saved_tabs=&#8220;all&#8220; locked=&#8220;off&#8220; global_colors_info=&#8220;{}&#8220;]<\/p>\n<p>[\/et_pb_divider][et_pb_text admin_label=&#8220;Statistics Section Title&#8220; _builder_version=&#8220;4.17.3&#8243; text_orientation=&#8220;center&#8220; global_colors_info=&#8220;{}&#8220;]<\/p>\n<h1>Facade External Thermal Insulation Composite System Borussiastra\u00dfe<\/h1>\n<p>[\/et_pb_text][\/et_pb_column][\/et_pb_row][et_pb_row column_structure=&#8220;1_3,1_3,1_3&#8243; _builder_version=&#8220;4.17.3&#8243; _module_preset=&#8220;default&#8220; global_colors_info=&#8220;{}&#8220;][et_pb_column type=&#8220;1_3&#8243; _builder_version=&#8220;4.17.3&#8243; _module_preset=&#8220;default&#8220; global_colors_info=&#8220;{}&#8220;][et_pb_blurb title=&#8220;Borussiastra\u00dfe, Berlin&#8220; use_icon=&#8220;on&#8220; font_icon=&#8220;&#xf3c5;||fa||900&#8243; _builder_version=&#8220;4.17.3&#8243; _module_preset=&#8220;default&#8220; header_level=&#8220;h2&#8243; header_text_align=&#8220;center&#8220; global_colors_info=&#8220;{}&#8220;][\/et_pb_blurb][\/et_pb_column][et_pb_column type=&#8220;1_3&#8243; _builder_version=&#8220;4.17.3&#8243; _module_preset=&#8220;default&#8220; global_colors_info=&#8220;{}&#8220;][et_pb_blurb title=&#8220;Fassade W\u00e4rmed\u00e4mmverbundsystem inkl. Riemchen&#8220; use_icon=&#8220;on&#8220; font_icon=&#8220;&#xe0ef;||divi||400&#8243; _builder_version=&#8220;4.17.3&#8243; _module_preset=&#8220;default&#8220; header_level=&#8220;h2&#8243; header_text_align=&#8220;center&#8220; global_colors_info=&#8220;{}&#8220;][\/et_pb_blurb][\/et_pb_column][et_pb_column type=&#8220;1_3&#8243; _builder_version=&#8220;4.17.3&#8243; _module_preset=&#8220;default&#8220; global_colors_info=&#8220;{}&#8220;][et_pb_number_counter title=&#8220;Fassadenfl\u00e4che&#8220; number=&#8220;4000&#8243; percent_sign=&#8220;off&#8220; module_class=&#8220;bgf&#8220; _builder_version=&#8220;4.17.3&#8243; _module_preset=&#8220;default&#8220; title_level=&#8220;h2&#8243; number_font=&#8220;|600|||||||&#8220; hover_enabled=&#8220;0&#8243; global_colors_info=&#8220;{}&#8220; sticky_enabled=&#8220;0&#8243;][\/et_pb_number_counter][\/et_pb_column][\/et_pb_row][et_pb_row _builder_version=&#8220;4.17.3&#8243; make_fullwidth=&#8220;on&#8220; global_colors_info=&#8220;{}&#8220;][et_pb_column type=&#8220;4_4&#8243; _builder_version=&#8220;4.16&#8243; custom_padding=&#8220;|||&#8220; global_colors_info=&#8220;{}&#8220; custom_padding__hover=&#8220;|||&#8220;][et_pb_divider divider_weight=&#8220;3px&#8220; disabled_on=&#8220;off|off|off&#8220; _builder_version=&#8220;4.16&#8243; background_color_gradient_direction=&#8220;90deg&#8220; max_width=&#8220;100px&#8220; module_alignment=&#8220;center&#8220; height=&#8220;5px&#8220; custom_margin=&#8220;||20px|&#8220; custom_padding=&#8220;||20px|&#8220; animation_style=&#8220;slide&#8220; animation_direction=&#8220;bottom&#8220; saved_tabs=&#8220;all&#8220; locked=&#8220;off&#8220; global_colors_info=&#8220;{}&#8220;]<\/p>\n<p>[\/et_pb_divider][et_pb_text _builder_version=&#8220;4.17.3&#8243; text_orientation=&#8220;center&#8220; global_colors_info=&#8220;{}&#8220;]<\/p>\n<h2>Photos of Construction<\/h2>\n<p>[\/et_pb_text][\/et_pb_column][\/et_pb_row][et_pb_row _builder_version=&#8220;4.17.3&#8243; _module_preset=&#8220;default&#8220; width=&#8220;98%&#8220; max_width=&#8220;100%&#8220; hover_enabled=&#8220;0&#8243; global_colors_info=&#8220;{}&#8220; sticky_enabled=&#8220;0&#8243;][et_pb_column type=&#8220;4_4&#8243; _builder_version=&#8220;4.17.3&#8243; _module_preset=&#8220;default&#8220; global_colors_info=&#8220;{}&#8220;][et_pb_gallery gallery_ids=&#8220;32781,32783,32784,32786,32793,32789,32790&#8243; posts_number=&#8220;8&#8243; show_title_and_caption=&#8220;off&#8220; show_pagination=&#8220;off&#8220; module_class=&#8220;gallery-grid&#8220; _builder_version=&#8220;4.17.3&#8243; _module_preset=&#8220;default&#8220; hover_enabled=&#8220;0&#8243; global_colors_info=&#8220;{}&#8220; sticky_enabled=&#8220;0&#8243;][\/et_pb_gallery][\/et_pb_column][\/et_pb_row][\/et_pb_section]<\/p>","protected":false},"excerpt":{"rendered":"<p><div class=\"et_pb_module lwp_divi_breadcrumbs lwp_divi_breadcrumbs_0\">\n\t\t\t\t\n\t\t\t\t\n\t\t\t\t\n\t\t\t\t\n\t\t\t\t\n\t\t\t\t\n\t\t\t\t<div class=\"et_pb_module_inner\">\n\t\t\t\t\t<div class=\"lwp-breadcrumbs\"> <span class=\"before\"><\/span> <span vocab=\"https:\/\/schema.org\/\" typeof=\"BreadcrumbList\"><span property=\"itemListElement\" typeof=\"ListItem\"><a property=\"item\" typeof=\"WebPage\" href=\"https:\/\/the-green-workers.com\/en\/\" class=\"home\"><span property=\"name\">Home<\/span><\/a><meta property=\"position\" content=\"1\"><\/span> <span class=\"separator et-pb-icon\">&#x35;<\/span> <\/span><\/div>\n\t\t\t\t<\/div>\n\t\t\t<\/div> Fassade W\u00e4rmed\u00e4mmverbundsystem Borussiastra\u00dfe Bilder vom Bau<\/p>","protected":false},"author":2,"featured_media":0,"parent":33437,"menu_order":0,"comment_status":"closed","ping_status":"closed","template":"","meta":{"_et_pb_use_builder":"on","_et_pb_old_content":"","_et_gb_content_width":"","footnotes":""},"class_list":["post-32776","page","type-page","status-publish","hentry"],"yoast_head":"<!-- This site is optimized with the Yoast SEO plugin v26.1.1 - https:\/\/yoast.com\/wordpress\/plugins\/seo\/ -->\n<title>Fassade WDVS Borussiastra\u00dfe | Green Workers<\/title>\n<meta name=\"robots\" content=\"index, follow, max-snippet:-1, max-image-preview:large, max-video-preview:-1\" \/>\n<link rel=\"canonical\" href=\"https:\/\/the-green-workers.com\/en\/projects\/facade-etics-borussiastrasse\/\" \/>\n<meta property=\"og:locale\" content=\"en_GB\" \/>\n<meta property=\"og:type\" content=\"article\" \/>\n<meta property=\"og:title\" content=\"Fassade WDVS Borussiastra\u00dfe | Green Workers\" \/>\n<meta property=\"og:description\" content=\"Fassade W\u00e4rmed\u00e4mmverbundsystem Borussiastra\u00dfe Bilder vom Bau\" \/>\n<meta property=\"og:url\" content=\"https:\/\/the-green-workers.com\/en\/projects\/facade-etics-borussiastrasse\/\" \/>\n<meta property=\"og:site_name\" content=\"Green Workers\" \/>\n<meta property=\"article:publisher\" content=\"https:\/\/www.facebook.com\/greenworkersberlin\" \/>\n<meta property=\"article:modified_time\" content=\"2022-05-07T22:02:09+00:00\" \/>\n<meta name=\"twitter:card\" content=\"summary_large_image\" \/>\n<meta name=\"twitter:label1\" content=\"Estimated reading time\" \/>\n\t<meta name=\"twitter:data1\" content=\"3 minutes\" \/>\n<script type=\"application\/ld+json\" class=\"yoast-schema-graph\">{\"@context\":\"https:\/\/schema.org\",\"@graph\":[{\"@type\":\"WebPage\",\"@id\":\"https:\/\/the-green-workers.com\/projekte\/fassade-wdvs-borussiastrasse\/\",\"url\":\"https:\/\/the-green-workers.com\/projekte\/fassade-wdvs-borussiastrasse\/\",\"name\":\"Fassade WDVS Borussiastra\u00dfe | Green Workers\",\"isPartOf\":{\"@id\":\"https:\/\/the-green-workers.com\/#website\"},\"datePublished\":\"2019-12-19T14:22:40+00:00\",\"dateModified\":\"2022-05-07T22:02:09+00:00\",\"breadcrumb\":{\"@id\":\"https:\/\/the-green-workers.com\/projekte\/fassade-wdvs-borussiastrasse\/#breadcrumb\"},\"inLanguage\":\"en-GB\",\"potentialAction\":[{\"@type\":\"ReadAction\",\"target\":[\"https:\/\/the-green-workers.com\/projekte\/fassade-wdvs-borussiastrasse\/\"]}]},{\"@type\":\"BreadcrumbList\",\"@id\":\"https:\/\/the-green-workers.com\/projekte\/fassade-wdvs-borussiastrasse\/#breadcrumb\",\"itemListElement\":[{\"@type\":\"ListItem\",\"position\":1,\"name\":\"Startseite\",\"item\":\"https:\/\/the-green-workers.com\/\"},{\"@type\":\"ListItem\",\"position\":2,\"name\":\"Projekte\",\"item\":\"https:\/\/the-green-workers.com\/projekte\/\"},{\"@type\":\"ListItem\",\"position\":3,\"name\":\"Fassade WDVS Borussiastra\u00dfe\"}]},{\"@type\":\"WebSite\",\"@id\":\"https:\/\/the-green-workers.com\/#website\",\"url\":\"https:\/\/the-green-workers.com\/\",\"name\":\"Green Workers\",\"description\":\"Nachhaltiges und innovatives Bauen\",\"publisher\":{\"@id\":\"https:\/\/the-green-workers.com\/#organization\"},\"potentialAction\":[{\"@type\":\"SearchAction\",\"target\":{\"@type\":\"EntryPoint\",\"urlTemplate\":\"https:\/\/the-green-workers.com\/?s={search_term_string}\"},\"query-input\":{\"@type\":\"PropertyValueSpecification\",\"valueRequired\":true,\"valueName\":\"search_term_string\"}}],\"inLanguage\":\"en-GB\"},{\"@type\":\"Organization\",\"@id\":\"https:\/\/the-green-workers.com\/#organization\",\"name\":\"Green Workers\",\"url\":\"https:\/\/the-green-workers.com\/\",\"logo\":{\"@type\":\"ImageObject\",\"inLanguage\":\"en-GB\",\"@id\":\"https:\/\/the-green-workers.com\/#\/schema\/logo\/image\/\",\"url\":\"https:\/\/the-green-workers.com\/wp-content\/uploads\/2019\/12\/Logo-Icon-Links-fu\u0308r-Homepage-v4.png\",\"contentUrl\":\"https:\/\/the-green-workers.com\/wp-content\/uploads\/2019\/12\/Logo-Icon-Links-fu\u0308r-Homepage-v4.png\",\"width\":1000,\"height\":150,\"caption\":\"Green Workers\"},\"image\":{\"@id\":\"https:\/\/the-green-workers.com\/#\/schema\/logo\/image\/\"},\"sameAs\":[\"https:\/\/www.facebook.com\/greenworkersberlin\"]}]}<\/script>\n<!-- \/ Yoast SEO plugin. -->","yoast_head_json":{"title":"Facade ETICS Borussiastra\u00dfe | Green Workers","robots":{"index":"index","follow":"follow","max-snippet":"max-snippet:-1","max-image-preview":"max-image-preview:large","max-video-preview":"max-video-preview:-1"},"canonical":"https:\/\/the-green-workers.com\/en\/projects\/facade-etics-borussiastrasse\/","og_locale":"en_GB","og_type":"article","og_title":"Fassade WDVS Borussiastra\u00dfe | Green Workers","og_description":"Fassade W\u00e4rmed\u00e4mmverbundsystem Borussiastra\u00dfe Bilder vom Bau","og_url":"https:\/\/the-green-workers.com\/en\/projects\/facade-etics-borussiastrasse\/","og_site_name":"Green Workers","article_publisher":"https:\/\/www.facebook.com\/greenworkersberlin","article_modified_time":"2022-05-07T22:02:09+00:00","twitter_card":"summary_large_image","twitter_misc":{"Estimated reading time":"3 minutes"},"schema":{"@context":"https:\/\/schema.org","@graph":[{"@type":"WebPage","@id":"https:\/\/the-green-workers.com\/projekte\/fassade-wdvs-borussiastrasse\/","url":"https:\/\/the-green-workers.com\/projekte\/fassade-wdvs-borussiastrasse\/","name":"Facade ETICS Borussiastra\u00dfe | Green Workers","isPartOf":{"@id":"https:\/\/the-green-workers.com\/#website"},"datePublished":"2019-12-19T14:22:40+00:00","dateModified":"2022-05-07T22:02:09+00:00","breadcrumb":{"@id":"https:\/\/the-green-workers.com\/projekte\/fassade-wdvs-borussiastrasse\/#breadcrumb"},"inLanguage":"en-GB","potentialAction":[{"@type":"ReadAction","target":["https:\/\/the-green-workers.com\/projekte\/fassade-wdvs-borussiastrasse\/"]}]},{"@type":"BreadcrumbList","@id":"https:\/\/the-green-workers.com\/projekte\/fassade-wdvs-borussiastrasse\/#breadcrumb","itemListElement":[{"@type":"ListItem","position":1,"name":"Startseite","item":"https:\/\/the-green-workers.com\/"},{"@type":"ListItem","position":2,"name":"Projekte","item":"https:\/\/the-green-workers.com\/projekte\/"},{"@type":"ListItem","position":3,"name":"Fassade WDVS Borussiastra\u00dfe"}]},{"@type":"WebSite","@id":"https:\/\/the-green-workers.com\/#website","url":"https:\/\/the-green-workers.com\/","name":"Green Workers","description":"Sustainable and innovative Construction","publisher":{"@id":"https:\/\/the-green-workers.com\/#organization"},"potentialAction":[{"@type":"SearchAction","target":{"@type":"EntryPoint","urlTemplate":"https:\/\/the-green-workers.com\/?s={search_term_string}"},"query-input":{"@type":"PropertyValueSpecification","valueRequired":true,"valueName":"search_term_string"}}],"inLanguage":"en-GB"},{"@type":"Organization","@id":"https:\/\/the-green-workers.com\/#organization","name":"Green Workers","url":"https:\/\/the-green-workers.com\/","logo":{"@type":"ImageObject","inLanguage":"en-GB","@id":"https:\/\/the-green-workers.com\/#\/schema\/logo\/image\/","url":"https:\/\/the-green-workers.com\/wp-content\/uploads\/2019\/12\/Logo-Icon-Links-fu\u0308r-Homepage-v4.png","contentUrl":"https:\/\/the-green-workers.com\/wp-content\/uploads\/2019\/12\/Logo-Icon-Links-fu\u0308r-Homepage-v4.png","width":1000,"height":150,"caption":"Green Workers"},"image":{"@id":"https:\/\/the-green-workers.com\/#\/schema\/logo\/image\/"},"sameAs":["https:\/\/www.facebook.com\/greenworkersberlin"]}]}},"_links":{"self":[{"href":"https:\/\/the-green-workers.com\/en\/wp-json\/wp\/v2\/pages\/32776","targetHints":{"allow":["GET"]}}],"collection":[{"href":"https:\/\/the-green-workers.com\/en\/wp-json\/wp\/v2\/pages"}],"about":[{"href":"https:\/\/the-green-workers.com\/en\/wp-json\/wp\/v2\/types\/page"}],"author":[{"embeddable":true,"href":"https:\/\/the-green-workers.com\/en\/wp-json\/wp\/v2\/users\/2"}],"replies":[{"embeddable":true,"href":"https:\/\/the-green-workers.com\/en\/wp-json\/wp\/v2\/comments?post=32776"}],"version-history":[{"count":6,"href":"https:\/\/the-green-workers.com\/en\/wp-json\/wp\/v2\/pages\/32776\/revisions"}],"predecessor-version":[{"id":33474,"href":"https:\/\/the-green-workers.com\/en\/wp-json\/wp\/v2\/pages\/32776\/revisions\/33474"}],"up":[{"embeddable":true,"href":"https:\/\/the-green-workers.com\/en\/wp-json\/wp\/v2\/pages\/33437"}],"wp:attachment":[{"href":"https:\/\/the-green-workers.com\/en\/wp-json\/wp\/v2\/media?parent=32776"}],"curies":[{"name":"wp","href":"https:\/\/api.w.org\/{rel}","templated":true}]}}