{"id":33375,"date":"2022-05-06T23:51:49","date_gmt":"2022-05-06T21:51:49","guid":{"rendered":"https:\/\/the-green-workers.com\/?page_id=33375"},"modified":"2022-05-07T12:32:41","modified_gmt":"2022-05-07T10:32:41","slug":"leistungen","status":"publish","type":"page","link":"https:\/\/the-green-workers.com\/en\/services\/","title":{"rendered":"Services"},"content":{"rendered":"<p>[et_pb_section fb_built=&#8220;1&#8243; admin_label=&#8220;Split Section&#8220; module_id=&#8220;leistungen&#8220; module_class=&#8220;leistungen&#8220; _builder_version=&#8220;4.17.3&#8243; custom_padding=&#8220;0px||0px|&#8220; animation_direction=&#8220;bottom&#8220; saved_tabs=&#8220;all&#8220; locked=&#8220;off&#8220; global_colors_info=&#8220;{}&#8220;][et_pb_row column_structure=&#8220;1_2,1_2&#8243; use_custom_gutter=&#8220;on&#8220; gutter_width=&#8220;1&#8243; make_equal=&#8220;on&#8220; _builder_version=&#8220;4.17.3&#8243; background_image=&#8220;https:\/\/the-green-workers.com\/wp-content\/uploads\/2019\/12\/site-4020496_1920.jpg&#8220; background_size=&#8220;contain&#8220; background_position=&#8220;top_left&#8220; width=&#8220;100%&#8220; width_tablet=&#8220;100%&#8220; width_phone=&#8220;100%&#8220; width_last_edited=&#8220;on|desktop&#8220; max_width=&#8220;100%&#8220; max_width_tablet=&#8220;100%&#8220; max_width_phone=&#8220;100%&#8220; max_width_last_edited=&#8220;on|desktop&#8220; custom_margin=&#8220;0px||0px|&#8220; custom_padding=&#8220;0px||0px|&#8220; make_fullwidth=&#8220;on&#8220; global_colors_info=&#8220;{}&#8220;][et_pb_column type=&#8220;1_2&#8243; _builder_version=&#8220;4.17.3&#8243; custom_padding=&#8220;|||&#8220; global_colors_info=&#8220;{}&#8220; custom_padding__hover=&#8220;|||&#8220;][et_pb_text _builder_version=&#8220;4.17.3&#8243; _module_preset=&#8220;default&#8220; min_height=&#8220;200px&#8220; height=&#8220;200px&#8220; max_height=&#8220;200px&#8220; global_colors_info=&#8220;{}&#8220;][\/et_pb_text][\/et_pb_column][et_pb_column type=&#8220;1_2&#8243; _builder_version=&#8220;4.17.3&#8243; background_color=&#8220;#f4f4f4&#8243; background_position=&#8220;top_left&#8220; custom_padding=&#8220;5%|5%|5%|5%|true|true&#8220; custom_padding_tablet=&#8220;5%|5%|5%|5%|true|true&#8220; custom_padding_phone=&#8220;5%|10%|5%|10%|true|true&#8220; custom_padding_last_edited=&#8220;on|desktop&#8220; global_colors_info=&#8220;{}&#8220; custom_padding__hover=&#8220;|||&#8220;][et_pb_divider divider_weight=&#8220;3px&#8220; disabled_on=&#8220;off|off|off&#8220; _builder_version=&#8220;4.17.3&#8243; background_color_gradient_direction=&#8220;90deg&#8220; max_width=&#8220;100px&#8220; module_alignment=&#8220;left&#8220; height=&#8220;5px&#8220; custom_margin=&#8220;||20px|&#8220; custom_padding=&#8220;||20px|&#8220; animation_direction=&#8220;bottom&#8220; locked=&#8220;off&#8220; global_colors_info=&#8220;{}&#8220;][\/et_pb_divider][et_pb_text ul_type=&#8220;square&#8220; ul_position=&#8220;inside&#8220; ol_type=&#8220;upper-latin&#8220; ol_position=&#8220;outside&#8220; ol_item_indent=&#8220;20px&#8220; _builder_version=&#8220;4.17.3&#8243; _module_preset=&#8220;default&#8220; global_colors_info=&#8220;{}&#8220;]<\/p>\n<h1 class=\"translation-block\">Our <u>Services<\/u><\/h1>\n<p class=\"translation-block\">GREEN <span style=\"color: #40af5f\">WORKERS<\/span> is one of the <strong>leading construction companies for sustainability and resource conservation<\/strong>. We offer future-oriented and holistic services in construction at the highest international level.<\/p>\n<p class=\"translation-block\">Our portfolio ranges from <strong>project design<\/strong> to the <strong>deconstruction of existing buildings<\/strong> and <strong>modernization<\/strong> to <strong>shell construction<\/strong>.<\/p>\n<p><span style=\"font-size: 18px;\">You can find more information on our following pages.<\/span><\/p>\n<p>&nbsp;<\/p>\n<p>[\/et_pb_text][et_pb_button button_url=&#8220;#kontaktformular&#8220; button_text=&#8220;Fragen Sie uns&#8220; _builder_version=&#8220;4.17.3&#8243; _module_preset=&#8220;default&#8220; custom_margin=&#8220;25px||||false|false&#8220; global_colors_info=&#8220;{}&#8220;][\/et_pb_button][\/et_pb_column][\/et_pb_row][\/et_pb_section][et_pb_section fb_built=&#8220;1&#8243; _builder_version=&#8220;4.17.3&#8243; _module_preset=&#8220;default&#8220; custom_padding=&#8220;0px||0px||false|false&#8220; global_module=&#8220;33261&#8243; saved_tabs=&#8220;all&#8220; global_colors_info=&#8220;{}&#8220; custom_margin__hover_enabled=&#8220;off|desktop&#8220;][et_pb_row _builder_version=&#8220;4.17.3&#8243; _module_preset=&#8220;default&#8220; width=&#8220;98%&#8220; max_width=&#8220;100%&#8220; module_alignment=&#8220;center&#8220; custom_padding=&#8220;5px||5px||true|false&#8220; global_colors_info=&#8220;{}&#8220;][et_pb_column type=&#8220;4_4&#8243; _builder_version=&#8220;4.17.3&#8243; _module_preset=&#8220;default&#8220; global_colors_info=&#8220;{}&#8220;][lwp_divi_breadcrumbs home_text=&#8220;Startseite&#8220; font_icon=&#8220;&#x35;||divi||400&#8243; link_color=&#8220;#40AF5F&#8220; separator_color=&#8220;#666666&#8243; current_text_color=&#8220;#666666&#8243; _builder_version=&#8220;4.17.3&#8243; _module_preset=&#8220;default&#8220; module_text_align=&#8220;center&#8220; module_text_color=&#8220;#666666&#8243; text_orientation=&#8220;center&#8220; module_alignment=&#8220;center&#8220; global_colors_info=&#8220;{}&#8220;][\/lwp_divi_breadcrumbs][\/et_pb_column][\/et_pb_row][\/et_pb_section][et_pb_section fb_built=&#8220;1&#8243; module_id=&#8220;leistungen&#8220; module_class=&#8220;LEISTUNGEN&#8220; _builder_version=&#8220;4.17.3&#8243; custom_padding=&#8220;18px|0px|15px|0px|false|false&#8220; global_module=&#8220;33198&#8243; saved_tabs=&#8220;all&#8220; global_colors_info=&#8220;{}&#8220;][et_pb_row _builder_version=&#8220;4.16&#8243; custom_padding=&#8220;27px|0px|27px|0px|false|false&#8220; global_colors_info=&#8220;{}&#8220;][et_pb_column type=&#8220;4_4&#8243; _builder_version=&#8220;4.16&#8243; custom_padding=&#8220;|||&#8220; global_colors_info=&#8220;{}&#8220; custom_padding__hover=&#8220;|||&#8220;][et_pb_divider divider_weight=&#8220;3px&#8220; disabled_on=&#8220;off|off|off&#8220; _builder_version=&#8220;4.16&#8243; background_color_gradient_direction=&#8220;90deg&#8220; max_width=&#8220;100px&#8220; module_alignment=&#8220;center&#8220; height=&#8220;5px&#8220; custom_margin=&#8220;||20px|&#8220; custom_padding=&#8220;||20px|&#8220; animation_style=&#8220;slide&#8220; animation_direction=&#8220;bottom&#8220; locked=&#8220;off&#8220; global_colors_info=&#8220;{}&#8220;][\/et_pb_divider][et_pb_text admin_label=&#8220;Statistics Section Title&#8220; _builder_version=&#8220;4.17.3&#8243; text_orientation=&#8220;center&#8220; global_colors_info=&#8220;{}&#8220;]<\/p>\n<h2 class=\"translation-block\">Our <u>Services<\/u><\/h2>\n<p>[\/et_pb_text][\/et_pb_column][\/et_pb_row][et_pb_row column_structure=&#8220;1_4,1_4,1_4,1_4&#8243; _builder_version=&#8220;4.16&#8243; max_width=&#8220;80%&#8220; module_alignment=&#8220;center&#8220; use_custom_width=&#8220;on&#8220; width_unit=&#8220;off&#8220; global_colors_info=&#8220;{}&#8220;][et_pb_column type=&#8220;1_4&#8243; _builder_version=&#8220;4.16&#8243; custom_padding=&#8220;|||&#8220; global_colors_info=&#8220;{}&#8220; custom_padding__hover=&#8220;|||&#8220;][et_pb_blurb title=&#8220;Projekt Planung&#8220; url=&#8220;@ET-DC@eyJkeW5hbWljIjp0cnVlLCJjb250ZW50IjoicG9zdF9saW5rX3VybF9wYWdlIiwic2V0dGluZ3MiOnsicG9zdF9pZCI6IjMyNTA5In19@&#8220; use_icon=&#8220;on&#8220; font_icon=&#8220;&#xf546;||fa||900&#8243; icon_color=&#8220;#40AF5F&#8220; image_icon_width_last_edited=&#8220;off|desktop&#8220; module_class=&#8220;hyphens&#8220; _builder_version=&#8220;4.17.3&#8243; _dynamic_attributes=&#8220;url,link_option_url&#8220; header_font=&#8220;|700|||||||&#8220; header_font_size=&#8220;24px&#8220; text_orientation=&#8220;center&#8220; link_option_url=&#8220;@ET-DC@eyJkeW5hbWljIjp0cnVlLCJjb250ZW50IjoicG9zdF9saW5rX3VybF9wYWdlIiwic2V0dGluZ3MiOnsicG9zdF9pZCI6IjMyNTA5In19@&#8220; header_font_size_last_edited=&#8220;off|phone&#8220; icon_font_size=&#8220;34px&#8220; icon_font_size__hover=&#8220;42px&#8220; icon_font_size__hover_enabled=&#8220;on&#8220; global_colors_info=&#8220;{}&#8220; icon_color__hover_enabled=&#8220;on|hover&#8220; icon_color__hover=&#8220;#E5AC00&#8243; header_text_color__hover_enabled=&#8220;on|hover&#8220; header_text_color__hover=&#8220;#666666&#8243;][\/et_pb_blurb][et_pb_button button_url=&#8220;@ET-DC@eyJkeW5hbWljIjp0cnVlLCJjb250ZW50IjoicG9zdF9saW5rX3VybF9wYWdlIiwic2V0dGluZ3MiOnsicG9zdF9pZCI6IjMyNTA5In19@&#8220; button_text=&#8220;mehr erfahren&#8220; button_alignment=&#8220;center&#8220; _builder_version=&#8220;4.17.3&#8243; _dynamic_attributes=&#8220;button_url&#8220; _module_preset=&#8220;cd072c9a-de7c-4f86-b2ec-53340509a9fd&#8220; custom_margin=&#8220;-30px||||false|false&#8220; global_colors_info=&#8220;{}&#8220;][\/et_pb_button][\/et_pb_column][et_pb_column type=&#8220;1_4&#8243; _builder_version=&#8220;4.16&#8243; custom_padding=&#8220;|||&#8220; global_colors_info=&#8220;{}&#8220; custom_padding__hover=&#8220;|||&#8220;][et_pb_blurb title=&#8220;R\u00fcckbau von Baubest\u00e4nden&#8220; url=&#8220;@ET-DC@eyJkeW5hbWljIjp0cnVlLCJjb250ZW50IjoicG9zdF9saW5rX3VybF9wYWdlIiwic2V0dGluZ3MiOnsicG9zdF9pZCI6IjMyNTExIn19@&#8220; use_icon=&#8220;on&#8220; font_icon=&#8220;&#xf6f1;||fa||900&#8243; icon_color=&#8220;#40AF5F&#8220; module_class=&#8220;hyphens&#8220; _builder_version=&#8220;4.17.3&#8243; _dynamic_attributes=&#8220;url,link_option_url&#8220; header_font=&#8220;|700|||||||&#8220; header_font_size=&#8220;24px&#8220; text_orientation=&#8220;center&#8220; link_option_url=&#8220;@ET-DC@eyJkeW5hbWljIjp0cnVlLCJjb250ZW50IjoicG9zdF9saW5rX3VybF9wYWdlIiwic2V0dGluZ3MiOnsicG9zdF9pZCI6IjMyNTExIn19@&#8220; link_option_url_new_window=&#8220;on&#8220; icon_font_size=&#8220;34px&#8220; icon_font_size__hover=&#8220;42px&#8220; icon_font_size__hover_enabled=&#8220;on&#8220; global_colors_info=&#8220;{}&#8220; icon_color__hover=&#8220;#E5AC00&#8243; icon_color__hover_enabled=&#8220;on|hover&#8220; header_text_color__hover=&#8220;#666666&#8243; header_text_color__hover_enabled=&#8220;on|hover&#8220;][\/et_pb_blurb][et_pb_button button_url=&#8220;@ET-DC@eyJkeW5hbWljIjp0cnVlLCJjb250ZW50IjoicG9zdF9saW5rX3VybF9wYWdlIiwic2V0dGluZ3MiOnsicG9zdF9pZCI6IjMyNTExIn19@&#8220; button_text=&#8220;mehr erfahren&#8220; button_alignment=&#8220;center&#8220; _builder_version=&#8220;4.17.3&#8243; _dynamic_attributes=&#8220;button_url&#8220; _module_preset=&#8220;cd072c9a-de7c-4f86-b2ec-53340509a9fd&#8220; custom_margin=&#8220;-30px||||false|false&#8220; global_colors_info=&#8220;{}&#8220;][\/et_pb_button][\/et_pb_column][et_pb_column type=&#8220;1_4&#8243; _builder_version=&#8220;4.16&#8243; custom_padding=&#8220;|||&#8220; global_colors_info=&#8220;{}&#8220; custom_padding__hover=&#8220;|||&#8220;][et_pb_blurb title=&#8220;Bestandsmodernisierung der Geb\u00e4udeh\u00fclle&#8220; url=&#8220;@ET-DC@eyJkeW5hbWljIjp0cnVlLCJjb250ZW50IjoicG9zdF9saW5rX3VybF9wYWdlIiwic2V0dGluZ3MiOnsicG9zdF9pZCI6IjMyNTE1In19@&#8220; use_icon=&#8220;on&#8220; font_icon=&#8220;&#xf4d8;||fa||900&#8243; icon_color=&#8220;#40AF5F&#8220; module_class=&#8220;hyphens&#8220; _builder_version=&#8220;4.17.3&#8243; _dynamic_attributes=&#8220;url,link_option_url&#8220; header_font=&#8220;|700|||||||&#8220; header_font_size=&#8220;24px&#8220; text_orientation=&#8220;center&#8220; link_option_url=&#8220;@ET-DC@eyJkeW5hbWljIjp0cnVlLCJjb250ZW50IjoicG9zdF9saW5rX3VybF9wYWdlIiwic2V0dGluZ3MiOnsicG9zdF9pZCI6IjMyNTE1In19@&#8220; icon_font_size=&#8220;34px&#8220; icon_font_size__hover=&#8220;42px&#8220; icon_font_size__hover_enabled=&#8220;on&#8220; global_colors_info=&#8220;{}&#8220; icon_color__hover=&#8220;#E5AC00&#8243; icon_color__hover_enabled=&#8220;on|hover&#8220; header_text_color__hover=&#8220;#666666&#8243; header_text_color__hover_enabled=&#8220;on|hover&#8220;][\/et_pb_blurb][et_pb_button button_url=&#8220;@ET-DC@eyJkeW5hbWljIjp0cnVlLCJjb250ZW50IjoicG9zdF9saW5rX3VybF9wYWdlIiwic2V0dGluZ3MiOnsicG9zdF9pZCI6IjMyNTE1In19@&#8220; button_text=&#8220;mehr erfahren&#8220; button_alignment=&#8220;center&#8220; _builder_version=&#8220;4.17.3&#8243; _dynamic_attributes=&#8220;button_url&#8220; _module_preset=&#8220;cd072c9a-de7c-4f86-b2ec-53340509a9fd&#8220; custom_margin=&#8220;-30px||||false|false&#8220; global_colors_info=&#8220;{}&#8220;][\/et_pb_button][\/et_pb_column][et_pb_column type=&#8220;1_4&#8243; _builder_version=&#8220;4.16&#8243; custom_padding=&#8220;|||&#8220; global_colors_info=&#8220;{}&#8220; custom_padding__hover=&#8220;|||&#8220;][et_pb_blurb title=&#8220;Rohbau&#8220; url=&#8220;@ET-DC@eyJkeW5hbWljIjp0cnVlLCJjb250ZW50IjoicG9zdF9saW5rX3VybF9wYWdlIiwic2V0dGluZ3MiOnsicG9zdF9pZCI6IjMyNTEzIn19@&#8220; use_icon=&#8220;on&#8220; font_icon=&#8220;&#xe0ef;||divi||400&#8243; icon_color=&#8220;#40AF5F&#8220; module_class=&#8220;hyphens&#8220; _builder_version=&#8220;4.17.3&#8243; _dynamic_attributes=&#8220;url,link_option_url&#8220; header_font=&#8220;|700|||||||&#8220; header_font_size=&#8220;24px&#8220; text_orientation=&#8220;center&#8220; link_option_url=&#8220;@ET-DC@eyJkeW5hbWljIjp0cnVlLCJjb250ZW50IjoicG9zdF9saW5rX3VybF9wYWdlIiwic2V0dGluZ3MiOnsicG9zdF9pZCI6IjMyNTEzIn19@&#8220; icon_font_size=&#8220;34px&#8220; icon_font_size__hover=&#8220;42px&#8220; icon_font_size__hover_enabled=&#8220;on&#8220; global_colors_info=&#8220;{}&#8220; icon_color__hover=&#8220;#E5AC00&#8243; icon_color__hover_enabled=&#8220;on|hover&#8220; header_text_color__hover=&#8220;#666666&#8243; header_text_color__hover_enabled=&#8220;on|hover&#8220;][\/et_pb_blurb][et_pb_button button_url=&#8220;@ET-DC@eyJkeW5hbWljIjp0cnVlLCJjb250ZW50IjoicG9zdF9saW5rX3VybF9wYWdlIiwic2V0dGluZ3MiOnsicG9zdF9pZCI6IjMyNTEzIn19@&#8220; button_text=&#8220;mehr erfahren&#8220; button_alignment=&#8220;center&#8220; _builder_version=&#8220;4.17.3&#8243; _dynamic_attributes=&#8220;button_url&#8220; _module_preset=&#8220;cd072c9a-de7c-4f86-b2ec-53340509a9fd&#8220; custom_margin=&#8220;-30px||||false|false&#8220; global_colors_info=&#8220;{}&#8220;][\/et_pb_button][\/et_pb_column][\/et_pb_row][\/et_pb_section]<\/p>","protected":false},"excerpt":{"rendered":"<p>Unsere Leistungen GREEN WORKERS ist eines der f\u00fchrenden Bauunternehmen f\u00fcr Nachhaltigkeit und Ressourcenschonung. Wir bieten Ihnen zukunftsorientierte und ganzheitliche Dienstleistungen im Bau auf h\u00f6chstem internationalen Niveau. Dabei reicht unser Portfolio von der Projektplanung \u00fcber den R\u00fcckbau von Baubest\u00e4nden und Bestandsmodernisierungen bis hin zum Rohbau. Weitere Informationen finden Sie auf unseren folgenden Seiten. &nbsp;<div class=\"et_pb_module lwp_divi_breadcrumbs lwp_divi_breadcrumbs_0\">\n\t\t\t\t\n\t\t\t\t\n\t\t\t\t\n\t\t\t\t\n\t\t\t\t\n\t\t\t\t\n\t\t\t\t<div class=\"et_pb_module_inner\">\n\t\t\t\t\t<div class=\"lwp-breadcrumbs\"> <span class=\"before\"><\/span> <span vocab=\"https:\/\/schema.org\/\" typeof=\"BreadcrumbList\"><span property=\"itemListElement\" typeof=\"ListItem\"><a property=\"item\" typeof=\"WebPage\" href=\"https:\/\/the-green-workers.com\/en\/\" class=\"home\"><span property=\"name\">&#8220;Startseite&#8220;<\/span><\/a><meta property=\"position\" content=\"1\"><\/span> <span class=\"separator et-pb-icon\"><\/span> <\/span><\/div>\n\t\t\t\t<\/div>\n\t\t\t<\/div><\/p>","protected":false},"author":2,"featured_media":0,"parent":0,"menu_order":0,"comment_status":"closed","ping_status":"closed","template":"","meta":{"_et_pb_use_builder":"on","_et_pb_old_content":"","_et_gb_content_width":"","footnotes":""},"class_list":["post-33375","page","type-page","status-publish","hentry"],"yoast_head":"<!-- This site is optimized with the Yoast SEO plugin v26.1.1 - https:\/\/yoast.com\/wordpress\/plugins\/seo\/ -->\n<title>Leistungen | Green Workers<\/title>\n<meta name=\"robots\" content=\"index, follow, max-snippet:-1, max-image-preview:large, max-video-preview:-1\" \/>\n<link rel=\"canonical\" href=\"https:\/\/the-green-workers.com\/en\/services\/\" \/>\n<meta property=\"og:locale\" content=\"en_GB\" \/>\n<meta property=\"og:type\" content=\"article\" \/>\n<meta property=\"og:title\" content=\"Leistungen | Green Workers\" \/>\n<meta property=\"og:description\" content=\"Unsere Leistungen GREEN WORKERS ist eines der f\u00fchrenden Bauunternehmen f\u00fcr Nachhaltigkeit und Ressourcenschonung. Wir bieten Ihnen zukunftsorientierte und ganzheitliche Dienstleistungen im Bau auf h\u00f6chstem internationalen Niveau. Dabei reicht unser Portfolio von der Projektplanung \u00fcber den R\u00fcckbau von Baubest\u00e4nden und Bestandsmodernisierungen bis hin zum Rohbau. Weitere Informationen finden Sie auf unseren folgenden Seiten. &nbsp;\" \/>\n<meta property=\"og:url\" content=\"https:\/\/the-green-workers.com\/en\/services\/\" \/>\n<meta property=\"og:site_name\" content=\"Green Workers\" \/>\n<meta property=\"article:publisher\" content=\"https:\/\/www.facebook.com\/greenworkersberlin\" \/>\n<meta property=\"article:modified_time\" content=\"2022-05-07T10:32:41+00:00\" \/>\n<meta name=\"twitter:card\" content=\"summary_large_image\" \/>\n<meta name=\"twitter:label1\" content=\"Estimated reading time\" \/>\n\t<meta name=\"twitter:data1\" content=\"7 minutes\" \/>\n<script type=\"application\/ld+json\" class=\"yoast-schema-graph\">{\"@context\":\"https:\/\/schema.org\",\"@graph\":[{\"@type\":\"WebPage\",\"@id\":\"https:\/\/the-green-workers.com\/leistungen\/\",\"url\":\"https:\/\/the-green-workers.com\/leistungen\/\",\"name\":\"Leistungen | Green Workers\",\"isPartOf\":{\"@id\":\"https:\/\/the-green-workers.com\/#website\"},\"datePublished\":\"2022-05-06T21:51:49+00:00\",\"dateModified\":\"2022-05-07T10:32:41+00:00\",\"breadcrumb\":{\"@id\":\"https:\/\/the-green-workers.com\/leistungen\/#breadcrumb\"},\"inLanguage\":\"en-GB\",\"potentialAction\":[{\"@type\":\"ReadAction\",\"target\":[\"https:\/\/the-green-workers.com\/leistungen\/\"]}]},{\"@type\":\"BreadcrumbList\",\"@id\":\"https:\/\/the-green-workers.com\/leistungen\/#breadcrumb\",\"itemListElement\":[{\"@type\":\"ListItem\",\"position\":1,\"name\":\"Startseite\",\"item\":\"https:\/\/the-green-workers.com\/\"},{\"@type\":\"ListItem\",\"position\":2,\"name\":\"Leistungen\"}]},{\"@type\":\"WebSite\",\"@id\":\"https:\/\/the-green-workers.com\/#website\",\"url\":\"https:\/\/the-green-workers.com\/\",\"name\":\"Green Workers\",\"description\":\"Nachhaltiges und innovatives Bauen\",\"publisher\":{\"@id\":\"https:\/\/the-green-workers.com\/#organization\"},\"potentialAction\":[{\"@type\":\"SearchAction\",\"target\":{\"@type\":\"EntryPoint\",\"urlTemplate\":\"https:\/\/the-green-workers.com\/?s={search_term_string}\"},\"query-input\":{\"@type\":\"PropertyValueSpecification\",\"valueRequired\":true,\"valueName\":\"search_term_string\"}}],\"inLanguage\":\"en-GB\"},{\"@type\":\"Organization\",\"@id\":\"https:\/\/the-green-workers.com\/#organization\",\"name\":\"Green Workers\",\"url\":\"https:\/\/the-green-workers.com\/\",\"logo\":{\"@type\":\"ImageObject\",\"inLanguage\":\"en-GB\",\"@id\":\"https:\/\/the-green-workers.com\/#\/schema\/logo\/image\/\",\"url\":\"https:\/\/the-green-workers.com\/wp-content\/uploads\/2019\/12\/Logo-Icon-Links-fu\u0308r-Homepage-v4.png\",\"contentUrl\":\"https:\/\/the-green-workers.com\/wp-content\/uploads\/2019\/12\/Logo-Icon-Links-fu\u0308r-Homepage-v4.png\",\"width\":1000,\"height\":150,\"caption\":\"Green Workers\"},\"image\":{\"@id\":\"https:\/\/the-green-workers.com\/#\/schema\/logo\/image\/\"},\"sameAs\":[\"https:\/\/www.facebook.com\/greenworkersberlin\"]}]}<\/script>\n<!-- \/ Yoast SEO plugin. -->","yoast_head_json":{"title":"Services | Green Workers","robots":{"index":"index","follow":"follow","max-snippet":"max-snippet:-1","max-image-preview":"max-image-preview:large","max-video-preview":"max-video-preview:-1"},"canonical":"https:\/\/the-green-workers.com\/en\/services\/","og_locale":"en_GB","og_type":"article","og_title":"Leistungen | Green Workers","og_description":"Unsere Leistungen GREEN WORKERS ist eines der f\u00fchrenden Bauunternehmen f\u00fcr Nachhaltigkeit und Ressourcenschonung. Wir bieten Ihnen zukunftsorientierte und ganzheitliche Dienstleistungen im Bau auf h\u00f6chstem internationalen Niveau. Dabei reicht unser Portfolio von der Projektplanung \u00fcber den R\u00fcckbau von Baubest\u00e4nden und Bestandsmodernisierungen bis hin zum Rohbau. Weitere Informationen finden Sie auf unseren folgenden Seiten. &nbsp;","og_url":"https:\/\/the-green-workers.com\/en\/services\/","og_site_name":"Green Workers","article_publisher":"https:\/\/www.facebook.com\/greenworkersberlin","article_modified_time":"2022-05-07T10:32:41+00:00","twitter_card":"summary_large_image","twitter_misc":{"Estimated reading time":"7 minutes"},"schema":{"@context":"https:\/\/schema.org","@graph":[{"@type":"WebPage","@id":"https:\/\/the-green-workers.com\/leistungen\/","url":"https:\/\/the-green-workers.com\/leistungen\/","name":"Services | Green Workers","isPartOf":{"@id":"https:\/\/the-green-workers.com\/#website"},"datePublished":"2022-05-06T21:51:49+00:00","dateModified":"2022-05-07T10:32:41+00:00","breadcrumb":{"@id":"https:\/\/the-green-workers.com\/leistungen\/#breadcrumb"},"inLanguage":"en-GB","potentialAction":[{"@type":"ReadAction","target":["https:\/\/the-green-workers.com\/leistungen\/"]}]},{"@type":"BreadcrumbList","@id":"https:\/\/the-green-workers.com\/leistungen\/#breadcrumb","itemListElement":[{"@type":"ListItem","position":1,"name":"Startseite","item":"https:\/\/the-green-workers.com\/"},{"@type":"ListItem","position":2,"name":"Leistungen"}]},{"@type":"WebSite","@id":"https:\/\/the-green-workers.com\/#website","url":"https:\/\/the-green-workers.com\/","name":"Green Workers","description":"Sustainable and innovative Construction","publisher":{"@id":"https:\/\/the-green-workers.com\/#organization"},"potentialAction":[{"@type":"SearchAction","target":{"@type":"EntryPoint","urlTemplate":"https:\/\/the-green-workers.com\/?s={search_term_string}"},"query-input":{"@type":"PropertyValueSpecification","valueRequired":true,"valueName":"search_term_string"}}],"inLanguage":"en-GB"},{"@type":"Organization","@id":"https:\/\/the-green-workers.com\/#organization","name":"Green Workers","url":"https:\/\/the-green-workers.com\/","logo":{"@type":"ImageObject","inLanguage":"en-GB","@id":"https:\/\/the-green-workers.com\/#\/schema\/logo\/image\/","url":"https:\/\/the-green-workers.com\/wp-content\/uploads\/2019\/12\/Logo-Icon-Links-fu\u0308r-Homepage-v4.png","contentUrl":"https:\/\/the-green-workers.com\/wp-content\/uploads\/2019\/12\/Logo-Icon-Links-fu\u0308r-Homepage-v4.png","width":1000,"height":150,"caption":"Green Workers"},"image":{"@id":"https:\/\/the-green-workers.com\/#\/schema\/logo\/image\/"},"sameAs":["https:\/\/www.facebook.com\/greenworkersberlin"]}]}},"_links":{"self":[{"href":"https:\/\/the-green-workers.com\/en\/wp-json\/wp\/v2\/pages\/33375","targetHints":{"allow":["GET"]}}],"collection":[{"href":"https:\/\/the-green-workers.com\/en\/wp-json\/wp\/v2\/pages"}],"about":[{"href":"https:\/\/the-green-workers.com\/en\/wp-json\/wp\/v2\/types\/page"}],"author":[{"embeddable":true,"href":"https:\/\/the-green-workers.com\/en\/wp-json\/wp\/v2\/users\/2"}],"replies":[{"embeddable":true,"href":"https:\/\/the-green-workers.com\/en\/wp-json\/wp\/v2\/comments?post=33375"}],"version-history":[{"count":6,"href":"https:\/\/the-green-workers.com\/en\/wp-json\/wp\/v2\/pages\/33375\/revisions"}],"predecessor-version":[{"id":33426,"href":"https:\/\/the-green-workers.com\/en\/wp-json\/wp\/v2\/pages\/33375\/revisions\/33426"}],"wp:attachment":[{"href":"https:\/\/the-green-workers.com\/en\/wp-json\/wp\/v2\/media?parent=33375"}],"curies":[{"name":"wp","href":"https:\/\/api.w.org\/{rel}","templated":true}]}}