{"id":33612,"date":"2023-03-29T18:07:07","date_gmt":"2023-03-29T16:07:07","guid":{"rendered":"https:\/\/the-green-workers.com\/?page_id=33612"},"modified":"2023-05-07T16:24:48","modified_gmt":"2023-05-07T14:24:48","slug":"drei-hauptaussagen","status":"publish","type":"page","link":"https:\/\/the-green-workers.com\/en\/thoma-holz100\/drei-hauptaussagen\/","title":{"rendered":"Drei Hauptaussagen"},"content":{"rendered":"<p>[et_pb_section fb_built=&#8220;1&#8243; admin_label=&#8220;Split Section&#8220; module_id=&#8220;leistungen&#8220; module_class=&#8220;leistungen&#8220; _builder_version=&#8220;4.20.2&#8243; background_color=&#8220;#f9e7cf&#8220; custom_padding=&#8220;0px||0px|&#8220; animation_direction=&#8220;bottom&#8220; saved_tabs=&#8220;all&#8220; locked=&#8220;off&#8220; global_colors_info=&#8220;{}&#8220;][et_pb_row column_structure=&#8220;1_2,1_2&#8243; use_custom_gutter=&#8220;on&#8220; gutter_width=&#8220;1&#8243; make_equal=&#8220;on&#8220; _builder_version=&#8220;4.20.2&#8243; background_image=&#8220;https:\/\/the-green-workers.com\/wp-content\/uploads\/the-green-workers_thoma-haus_bad-shinau.jpg&#8220; background_size=&#8220;contain&#8220; background_position=&#8220;top_left&#8220; width=&#8220;100%&#8220; width_tablet=&#8220;100%&#8220; width_phone=&#8220;100%&#8220; width_last_edited=&#8220;on|desktop&#8220; max_width=&#8220;100%&#8220; max_width_tablet=&#8220;100%&#8220; max_width_phone=&#8220;100%&#8220; max_width_last_edited=&#8220;on|desktop&#8220; custom_margin=&#8220;0px||0px|&#8220; custom_padding=&#8220;0px||0px|&#8220; make_fullwidth=&#8220;on&#8220; global_colors_info=&#8220;{}&#8220;][et_pb_column type=&#8220;1_2&#8243; _builder_version=&#8220;4.20.2&#8243; custom_padding=&#8220;|||&#8220; global_colors_info=&#8220;{}&#8220; custom_padding__hover=&#8220;|||&#8220;][et_pb_text _builder_version=&#8220;4.17.3&#8243; _module_preset=&#8220;default&#8220; min_height=&#8220;200px&#8220; height=&#8220;200px&#8220; max_height=&#8220;200px&#8220; global_colors_info=&#8220;{}&#8220;][\/et_pb_text][\/et_pb_column][et_pb_column type=&#8220;1_2&#8243; _builder_version=&#8220;4.20.2&#8243; background_color=&#8220;#f9e7cf&#8220; background_image=&#8220;https:\/\/the-green-workers.com\/wp-content\/uploads\/the-green-workers_holztextur02.svg&#8220; background_size=&#8220;custom&#8220; background_image_width=&#8220;82%&#8220; background_position=&#8220;bottom_right&#8220; custom_padding=&#8220;5%|5%|5%|5%|true|true&#8220; custom_padding_tablet=&#8220;5%|5%|5%|5%|true|true&#8220; custom_padding_phone=&#8220;5%|10%|5%|10%|true|true&#8220; custom_padding_last_edited=&#8220;on|desktop&#8220; global_colors_info=&#8220;{}&#8220; custom_padding__hover=&#8220;|||&#8220;][et_pb_text ul_type=&#8220;square&#8220; ul_position=&#8220;inside&#8220; ol_type=&#8220;upper-latin&#8220; ol_position=&#8220;outside&#8220; ol_item_indent=&#8220;20px&#8220; _builder_version=&#8220;4.21.0&#8243; _module_preset=&#8220;default&#8220; header_text_color=&#8220;#331504&#8243; header_font_size=&#8220;28px&#8220; global_colors_info=&#8220;{}&#8220;]<\/p>\n<h1>Drei Hauptaussagen<\/h1>\n<p>[\/et_pb_text][et_pb_divider divider_weight=&#8220;3px&#8220; disabled_on=&#8220;off|off|off&#8220; _builder_version=&#8220;4.20.2&#8243; background_color_gradient_direction=&#8220;90deg&#8220; max_width=&#8220;100px&#8220; module_alignment=&#8220;left&#8220; height=&#8220;5px&#8220; custom_margin=&#8220;||20px|&#8220; custom_padding=&#8220;||20px|&#8220; animation_style=&#8220;slide&#8220; animation_direction=&#8220;bottom&#8220; locked=&#8220;off&#8220; global_colors_info=&#8220;{}&#8220;][\/et_pb_divider][et_pb_text ul_type=&#8220;square&#8220; ul_position=&#8220;inside&#8220; ol_type=&#8220;upper-latin&#8220; ol_position=&#8220;outside&#8220; ol_item_indent=&#8220;20px&#8220; _builder_version=&#8220;4.20.2&#8243; _module_preset=&#8220;default&#8220; text_text_color=&#8220;#331504&#8243; header_2_text_color=&#8220;#331504&#8243; header_2_font_size=&#8220;32px&#8220; header_3_text_color=&#8220;#331504&#8243; global_colors_info=&#8220;{}&#8220;]<\/p>\n<h2>1. Das ges\u00fcndeste Haus<\/h2>\n<p>Die Kraft der B\u00e4ume wirkt auf uns verj\u00fcngend, entspannend, f\u00f6rdert das Immunsystem, l\u00e4sst uns tiefer schlafen und das Herz ruhiger schlagen, f\u00f6rdert Kreativit\u00e4t und Lebensfreude. Wissenschaftlich belegt, durch Holz100 verwirklicht. Jeder kann die Energietankstelle Holz in seinem Leben einbauen.<br \/>Es gilt nur eine Regel: Je urspr\u00fcnglicher das Holz verarbeitet ist, desto besser ist seine Wirkung auf uns Menschen.<\/p>\n<p>[\/et_pb_text][et_pb_button button_url=&#8220;#kontaktformular&#8220; button_text=&#8220;Fragen Sie uns&#8220; _builder_version=&#8220;4.17.3&#8243; _module_preset=&#8220;default&#8220; custom_margin=&#8220;25px||||false|false&#8220; global_colors_info=&#8220;{}&#8220;][\/et_pb_button][\/et_pb_column][\/et_pb_row][\/et_pb_section][et_pb_section fb_built=&#8220;1&#8243; _builder_version=&#8220;4.17.3&#8243; _module_preset=&#8220;default&#8220; custom_padding=&#8220;0px||0px||false|false&#8220; global_module=&#8220;33261&#8243; saved_tabs=&#8220;all&#8220; global_colors_info=&#8220;{}&#8220; custom_margin__hover_enabled=&#8220;off|desktop&#8220;][et_pb_row _builder_version=&#8220;4.17.3&#8243; _module_preset=&#8220;default&#8220; width=&#8220;98%&#8220; max_width=&#8220;100%&#8220; module_alignment=&#8220;center&#8220; custom_padding=&#8220;5px||5px||true|false&#8220; global_colors_info=&#8220;{}&#8220;][et_pb_column type=&#8220;4_4&#8243; _builder_version=&#8220;4.17.3&#8243; _module_preset=&#8220;default&#8220; global_colors_info=&#8220;{}&#8220;][lwp_divi_breadcrumbs home_text=&#8220;Startseite&#8220; font_icon=&#8220;&#x35;||divi||400&#8243; link_color=&#8220;#40AF5F&#8220; separator_color=&#8220;#666666&#8243; current_text_color=&#8220;#666666&#8243; _builder_version=&#8220;4.17.3&#8243; _module_preset=&#8220;default&#8220; module_text_align=&#8220;center&#8220; module_text_color=&#8220;#666666&#8243; text_orientation=&#8220;center&#8220; module_alignment=&#8220;center&#8220; global_colors_info=&#8220;{}&#8220;][\/lwp_divi_breadcrumbs][\/et_pb_column][\/et_pb_row][\/et_pb_section][et_pb_section fb_built=&#8220;1&#8243; module_id=&#8220;LEISTUNGEN&#8220; module_class=&#8220;LEISTUNGEN&#8220; _builder_version=&#8220;4.20.2&#8243; background_enable_image=&#8220;off&#8220; background_position=&#8220;bottom_left&#8220; custom_padding=&#8220;3%|0px|4%|0px|false|false&#8220; global_colors_info=&#8220;{}&#8220;][et_pb_row _builder_version=&#8220;4.16&#8243; custom_padding=&#8220;27px|0px|27px|0px|false|false&#8220; global_colors_info=&#8220;{}&#8220;][et_pb_column type=&#8220;4_4&#8243; _builder_version=&#8220;4.16&#8243; custom_padding=&#8220;|||&#8220; global_colors_info=&#8220;{}&#8220; custom_padding__hover=&#8220;|||&#8220;][et_pb_divider divider_weight=&#8220;3px&#8220; disabled_on=&#8220;off|off|off&#8220; _builder_version=&#8220;4.16&#8243; background_color_gradient_direction=&#8220;90deg&#8220; max_width=&#8220;100px&#8220; module_alignment=&#8220;center&#8220; height=&#8220;5px&#8220; custom_margin=&#8220;||20px|&#8220; custom_padding=&#8220;||20px|&#8220; animation_style=&#8220;slide&#8220; animation_direction=&#8220;bottom&#8220; saved_tabs=&#8220;all&#8220; locked=&#8220;off&#8220; global_colors_info=&#8220;{}&#8220;]<\/p>\n<p>[\/et_pb_divider][et_pb_text admin_label=&#8220;Statistics Section Title&#8220; _builder_version=&#8220;4.20.2&#8243; header_2_text_color=&#8220;#331504&#8243; header_2_font_size=&#8220;32px&#8220; text_orientation=&#8220;center&#8220; global_colors_info=&#8220;{}&#8220;]<\/p>\n<h2><strong>2. Null Energiekosten durch Holz100<\/strong><\/h2>\n<p>[\/et_pb_text][et_pb_text _builder_version=&#8220;4.20.2&#8243; text_text_color=&#8220;#331504&#8243; text_orientation=&#8220;center&#8220; inline_fonts=&#8220;Raleway&#8220; global_colors_info=&#8220;{}&#8220;]<\/p>\n<p>Es geht! Ein 7000 m2 gro\u00dfes B\u00fcrogeb\u00e4ude in Kitzb\u00fchel, in dem die Nutzer f\u00fcr Heizung und K\u00fchlung keine Betriebskosten bezahlen, weil die Sonneneinstrahlung gen\u00fcgt. Das erste echte Vollholzhaus mit f\u00fcnf Geschossen mitten in Hamburg, das \u00f6sterreichische Filmarchiv bei Wien mit ganzj\u00e4hrig konstanten Temperaturen ohne Energiekosten, hochmoderne Gewerbebauten in M\u00fcnchen \u2013 Holz100 ist die zukunftsf\u00e4hige Weiterentwicklung aller Passivh\u00e4user und bereits Technologief\u00fchrer im Geschosswohnbau und \u00f6ffentlichen Bau.<\/p>\n<p>[\/et_pb_text][\/et_pb_column][\/et_pb_row][\/et_pb_section][et_pb_section fb_built=&#8220;1&#8243; admin_label=&#8220;Split Section&#8220; _builder_version=&#8220;4.20.2&#8243; background_color=&#8220;#f9e7cf&#8220; custom_padding=&#8220;0px||0px|&#8220; animation_style=&#8220;fold&#8220; animation_direction=&#8220;bottom&#8220; animation_intensity_fold=&#8220;4%&#8220; locked=&#8220;off&#8220; global_colors_info=&#8220;{}&#8220;][et_pb_row column_structure=&#8220;1_2,1_2&#8243; use_custom_gutter=&#8220;on&#8220; gutter_width=&#8220;1&#8243; make_equal=&#8220;on&#8220; disabled_on=&#8220;off|off|off&#8220; module_id=&#8220;MATERIALIEN&#8220; module_class=&#8220;MATERIALIEN&#8220; _builder_version=&#8220;4.20.2&#8243; background_size=&#8220;initial&#8220; background_position=&#8220;top_left&#8220; background_repeat=&#8220;repeat&#8220; width=&#8220;100%&#8220; max_width=&#8220;100%&#8220; custom_margin=&#8220;|||&#8220; custom_padding=&#8220;0px||0px&#8220; use_custom_width=&#8220;on&#8220; width_unit=&#8220;off&#8220; custom_width_percent=&#8220;100%&#8220; global_colors_info=&#8220;{}&#8220;][et_pb_column type=&#8220;1_2&#8243; _builder_version=&#8220;4.20.2&#8243; background_color=&#8220;#f9e7cf&#8220; background_position=&#8220;top_left&#8220; custom_padding=&#8220;5%|5%|5%|5%|true|true&#8220; custom_padding_tablet=&#8220;5%|10%|5%|10%|true|true&#8220; custom_padding_phone=&#8220;80px|10%|80px|10%&#8220; custom_padding_last_edited=&#8220;on|phone&#8220; global_colors_info=&#8220;{}&#8220; padding_phone=&#8220;80px|10%|80px|10%&#8220; padding_last_edited=&#8220;on|desktop&#8220; custom_padding__hover=&#8220;|||&#8220;][et_pb_text ul_type=&#8220;square&#8220; ul_position=&#8220;inside&#8220; ol_type=&#8220;upper-latin&#8220; ol_position=&#8220;outside&#8220; ol_item_indent=&#8220;20px&#8220; _builder_version=&#8220;4.20.2&#8243; _module_preset=&#8220;default&#8220; header_text_color=&#8220;#331504&#8243; header_2_text_color=&#8220;#331504&#8243; header_2_font_size=&#8220;32px&#8220; global_colors_info=&#8220;{}&#8220;]<\/p>\n<h2>3. Erstmals echte, ehrliche Kreislaufwirtschaft<\/h2>\n<p>[\/et_pb_text][et_pb_divider divider_weight=&#8220;3px&#8220; disabled_on=&#8220;off|off|off&#8220; _builder_version=&#8220;4.20.2&#8243; background_color_gradient_direction=&#8220;90deg&#8220; max_width=&#8220;131px&#8220; module_alignment=&#8220;left&#8220; height=&#8220;5px&#8220; custom_margin=&#8220;||20px|&#8220; custom_padding=&#8220;||20px|&#8220; animation_direction=&#8220;bottom&#8220; locked=&#8220;off&#8220; global_colors_info=&#8220;{}&#8220;][\/et_pb_divider][et_pb_text ul_type=&#8220;square&#8220; ul_item_indent=&#8220;35px&#8220; _builder_version=&#8220;4.20.2&#8243; _module_preset=&#8220;default&#8220; text_text_color=&#8220;#331504&#8243; global_colors_info=&#8220;{}&#8220;]<\/p>\n<p>Verwendet wird f\u00fcr Holz100 nur nachwachsendes, PEFC-zertifiziertes, heimisches Holz, zum richtigen Zeitpunkt \u2013 im Winter bei abnehmendem Mond \u2013 geerntet. Das Mondholz ersetzt bei uns Leime und jegliche Bauchemie. Es ist der beste und nat\u00fcrlichste Holzschutz.<\/p>\n<p>Alle Produkteigenschaften von Holz100 sind durch anerkannte Forschungsinstitutionen, wie etwa die Universit\u00e4ten Wien und Graz, Univ. der Bundeswehr M\u00fcnchen, Fraunhofer Institut Stuttgart, Institut f\u00fcr Brandschutz und Sicherheitstechnik Linz, zertifiziert. Letztlich die erste GOLD-Zertifizierung eines Bausystems von Cradle to Cradle (von der Wiege zur Wiege), dem schwierigsten Wirtschaftslabel f\u00fcr Nachhaltigkeit.<\/p>\n<p>Unbelastetes Holz ist nach dem Vorbild des Waldes der ideale Werkstoff, der aus einem Wegwerfprodukt ein Kreislaufprodukt macht. Unsere Urenkelinnen und Urenkel finden ein kostbares Material vor, das keine Belastung mehr ist.<\/p>\n<p>[\/et_pb_text][et_pb_button button_url=&#8220;#kontaktformular&#8220; button_text=&#8220;Jetzt anfragen&#8220; _builder_version=&#8220;4.17.3&#8243; _module_preset=&#8220;default&#8220; custom_margin=&#8220;25px||||false|false&#8220; global_colors_info=&#8220;{}&#8220;][\/et_pb_button][\/et_pb_column][et_pb_column type=&#8220;1_2&#8243; _builder_version=&#8220;4.20.2&#8243; background_image=&#8220;https:\/\/the-green-workers.com\/wp-content\/uploads\/the-green-workers_thoma-kueche.jpg&#8220; background_position=&#8220;center_right&#8220; custom_padding=&#8220;|||&#8220; global_colors_info=&#8220;{}&#8220; custom_padding__hover=&#8220;|||&#8220;][et_pb_divider show_divider=&#8220;off&#8220; disabled_on=&#8220;off|on|on&#8220; _builder_version=&#8220;4.16&#8243; height=&#8220;300px&#8220; global_colors_info=&#8220;{}&#8220;]<br \/>\n[\/et_pb_divider][\/et_pb_column][\/et_pb_row][\/et_pb_section][et_pb_section fb_built=&#8220;1&#8243; module_id=&#8220;LEISTUNGEN&#8220; module_class=&#8220;LEISTUNGEN&#8220; _builder_version=&#8220;4.20.2&#8243; background_enable_image=&#8220;off&#8220; background_size=&#8220;custom&#8220; background_image_width=&#8220;65%&#8220; background_position=&#8220;bottom_center&#8220; custom_margin=&#8220;||||false|false&#8220; custom_padding=&#8220;4%|0px|4%|0px|false|false&#8220; global_colors_info=&#8220;{}&#8220;][et_pb_row _builder_version=&#8220;4.16&#8243; custom_padding=&#8220;27px|0px|27px|0px|false|false&#8220; global_colors_info=&#8220;{}&#8220;][et_pb_column type=&#8220;4_4&#8243; _builder_version=&#8220;4.16&#8243; custom_padding=&#8220;|||&#8220; global_colors_info=&#8220;{}&#8220; custom_padding__hover=&#8220;|||&#8220;][et_pb_divider divider_weight=&#8220;3px&#8220; disabled_on=&#8220;off|off|off&#8220; _builder_version=&#8220;4.16&#8243; background_color_gradient_direction=&#8220;90deg&#8220; max_width=&#8220;100px&#8220; module_alignment=&#8220;center&#8220; height=&#8220;5px&#8220; custom_margin=&#8220;||20px|&#8220; custom_padding=&#8220;||20px|&#8220; animation_style=&#8220;slide&#8220; animation_direction=&#8220;bottom&#8220; saved_tabs=&#8220;all&#8220; locked=&#8220;off&#8220; global_colors_info=&#8220;{}&#8220;]<\/p>\n<p>[\/et_pb_divider][et_pb_text admin_label=&#8220;Statistics Section Title&#8220; _builder_version=&#8220;4.21.0&#8243; header_2_text_color=&#8220;#331504&#8243; text_orientation=&#8220;center&#8220; header_2_font_size_tablet=&#8220;&#8220; header_2_font_size_phone=&#8220;24px&#8220; header_2_font_size_last_edited=&#8220;on|phone&#8220; global_colors_info=&#8220;{}&#8220;]<\/p>\n<h2><span>Thoma lebt das Konzept einer abfallfreien Kreislaufwirtschaft<\/span><\/h2>\n<p>[\/et_pb_text][et_pb_text _builder_version=&#8220;4.21.0&#8243; text_text_color=&#8220;#331504&#8243; text_orientation=&#8220;center&#8220; inline_fonts=&#8220;Raleway&#8220; global_colors_info=&#8220;{}&#8220;]<\/p>\n<p>&#8222;Um ein Holz100 Haus zu recyclen, muss man nur die mechanischen Verbindungen, die das Haus zusammenhalten, aufl\u00f6sen. Mit dem freiwerdenden Rohmaterial kann dann ein neues Haus gebaut werden.&#8220;<\/p>\n<p>Ausf\u00fchrliche Informationen werden anschaulich auf der Thoma Website bereitgestellt:<\/p>\n<p>[\/et_pb_text][et_pb_image src=&#8220;https:\/\/the-green-workers.com\/wp-content\/uploads\/thoma-logo.webp&#8220; title_text=&#8220;thoma-logo&#8220; url=&#8220;https:\/\/www.thoma.at\/&#8220; align=&#8220;center&#8220; _builder_version=&#8220;4.21.0&#8243; _module_preset=&#8220;default&#8220; width=&#8220;24%&#8220; hover_enabled=&#8220;0&#8243; global_colors_info=&#8220;{}&#8220; url_new_window=&#8220;on&#8220; sticky_enabled=&#8220;0&#8243;][\/et_pb_image][et_pb_image src=&#8220;https:\/\/the-green-workers.com\/wp-content\/uploads\/the-green-workers_erwin-thoma_dusan-Kopie-2.jpg&#8220; title_text=&#8220;the-green-workers_erwin-thoma_dusan Kopie 2&#8243; align=&#8220;center&#8220; _builder_version=&#8220;4.21.0&#8243; _module_preset=&#8220;default&#8220; custom_padding=&#8220;0px||0px||false|false&#8220; global_colors_info=&#8220;{}&#8220;][\/et_pb_image][et_pb_text _builder_version=&#8220;4.21.0&#8243; text_text_color=&#8220;#331504&#8243; text_orientation=&#8220;center&#8220; custom_padding=&#8220;0px||0px||false|false&#8220; inline_fonts=&#8220;Raleway&#8220; global_colors_info=&#8220;{}&#8220;]<\/p>\n<p><span>Erwin Thoma und Du\u0161an Jovanovi\u0107<\/span><\/p>\n<p>[\/et_pb_text][\/et_pb_column][\/et_pb_row][\/et_pb_section]<\/p>","protected":false},"excerpt":{"rendered":"<p>Drei Hauptaussagen1. Das ges\u00fcndeste Haus Die Kraft der B\u00e4ume wirkt auf uns verj\u00fcngend, entspannend, f\u00f6rdert das Immunsystem, l\u00e4sst uns tiefer schlafen und das Herz ruhiger schlagen, f\u00f6rdert Kreativit\u00e4t und Lebensfreude. Wissenschaftlich belegt, durch Holz100 verwirklicht. Jeder kann die Energietankstelle Holz in seinem Leben einbauen.Es gilt nur eine Regel: Je urspr\u00fcnglicher das Holz verarbeitet ist, desto [&hellip;]<\/p>","protected":false},"author":2,"featured_media":0,"parent":33524,"menu_order":0,"comment_status":"closed","ping_status":"closed","template":"","meta":{"_et_pb_use_builder":"on","_et_pb_old_content":"","_et_gb_content_width":"","footnotes":""},"class_list":["post-33612","page","type-page","status-publish","hentry"],"yoast_head":"<!-- This site is optimized with the Yoast SEO plugin v26.1.1 - https:\/\/yoast.com\/wordpress\/plugins\/seo\/ -->\n<title>Drei Hauptaussagen | Green Workers<\/title>\n<meta name=\"robots\" content=\"index, follow, max-snippet:-1, max-image-preview:large, max-video-preview:-1\" \/>\n<link rel=\"canonical\" href=\"https:\/\/the-green-workers.com\/en\/thoma-holz100\/drei-hauptaussagen\/\" \/>\n<meta property=\"og:locale\" content=\"en_GB\" \/>\n<meta property=\"og:type\" content=\"article\" \/>\n<meta property=\"og:title\" content=\"Drei Hauptaussagen | Green Workers\" \/>\n<meta property=\"og:description\" content=\"Drei Hauptaussagen1. Das ges\u00fcndeste Haus Die Kraft der B\u00e4ume wirkt auf uns verj\u00fcngend, entspannend, f\u00f6rdert das Immunsystem, l\u00e4sst uns tiefer schlafen und das Herz ruhiger schlagen, f\u00f6rdert Kreativit\u00e4t und Lebensfreude. Wissenschaftlich belegt, durch Holz100 verwirklicht. Jeder kann die Energietankstelle Holz in seinem Leben einbauen.Es gilt nur eine Regel: Je urspr\u00fcnglicher das Holz verarbeitet ist, desto [&hellip;]\" \/>\n<meta property=\"og:url\" content=\"https:\/\/the-green-workers.com\/en\/thoma-holz100\/drei-hauptaussagen\/\" \/>\n<meta property=\"og:site_name\" content=\"Green Workers\" \/>\n<meta property=\"article:publisher\" content=\"https:\/\/www.facebook.com\/greenworkersberlin\" \/>\n<meta property=\"article:modified_time\" content=\"2023-05-07T14:24:48+00:00\" \/>\n<meta name=\"twitter:card\" content=\"summary_large_image\" \/>\n<meta name=\"twitter:label1\" content=\"Estimated reading time\" \/>\n\t<meta name=\"twitter:data1\" content=\"8 minutes\" \/>\n<script type=\"application\/ld+json\" class=\"yoast-schema-graph\">{\"@context\":\"https:\/\/schema.org\",\"@graph\":[{\"@type\":\"WebPage\",\"@id\":\"https:\/\/the-green-workers.com\/thoma-holz100\/drei-hauptaussagen\/\",\"url\":\"https:\/\/the-green-workers.com\/thoma-holz100\/drei-hauptaussagen\/\",\"name\":\"Drei Hauptaussagen | Green Workers\",\"isPartOf\":{\"@id\":\"https:\/\/the-green-workers.com\/#website\"},\"datePublished\":\"2023-03-29T16:07:07+00:00\",\"dateModified\":\"2023-05-07T14:24:48+00:00\",\"breadcrumb\":{\"@id\":\"https:\/\/the-green-workers.com\/thoma-holz100\/drei-hauptaussagen\/#breadcrumb\"},\"inLanguage\":\"en-GB\",\"potentialAction\":[{\"@type\":\"ReadAction\",\"target\":[\"https:\/\/the-green-workers.com\/thoma-holz100\/drei-hauptaussagen\/\"]}]},{\"@type\":\"BreadcrumbList\",\"@id\":\"https:\/\/the-green-workers.com\/thoma-holz100\/drei-hauptaussagen\/#breadcrumb\",\"itemListElement\":[{\"@type\":\"ListItem\",\"position\":1,\"name\":\"Startseite\",\"item\":\"https:\/\/the-green-workers.com\/\"},{\"@type\":\"ListItem\",\"position\":2,\"name\":\"Thoma Holz100\",\"item\":\"https:\/\/the-green-workers.com\/thoma-holz100\/\"},{\"@type\":\"ListItem\",\"position\":3,\"name\":\"Drei Hauptaussagen\"}]},{\"@type\":\"WebSite\",\"@id\":\"https:\/\/the-green-workers.com\/#website\",\"url\":\"https:\/\/the-green-workers.com\/\",\"name\":\"Green Workers\",\"description\":\"Nachhaltiges und innovatives Bauen\",\"publisher\":{\"@id\":\"https:\/\/the-green-workers.com\/#organization\"},\"potentialAction\":[{\"@type\":\"SearchAction\",\"target\":{\"@type\":\"EntryPoint\",\"urlTemplate\":\"https:\/\/the-green-workers.com\/?s={search_term_string}\"},\"query-input\":{\"@type\":\"PropertyValueSpecification\",\"valueRequired\":true,\"valueName\":\"search_term_string\"}}],\"inLanguage\":\"en-GB\"},{\"@type\":\"Organization\",\"@id\":\"https:\/\/the-green-workers.com\/#organization\",\"name\":\"Green Workers\",\"url\":\"https:\/\/the-green-workers.com\/\",\"logo\":{\"@type\":\"ImageObject\",\"inLanguage\":\"en-GB\",\"@id\":\"https:\/\/the-green-workers.com\/#\/schema\/logo\/image\/\",\"url\":\"https:\/\/the-green-workers.com\/wp-content\/uploads\/2019\/12\/Logo-Icon-Links-fu\u0308r-Homepage-v4.png\",\"contentUrl\":\"https:\/\/the-green-workers.com\/wp-content\/uploads\/2019\/12\/Logo-Icon-Links-fu\u0308r-Homepage-v4.png\",\"width\":1000,\"height\":150,\"caption\":\"Green Workers\"},\"image\":{\"@id\":\"https:\/\/the-green-workers.com\/#\/schema\/logo\/image\/\"},\"sameAs\":[\"https:\/\/www.facebook.com\/greenworkersberlin\"]}]}<\/script>\n<!-- \/ Yoast SEO plugin. -->","yoast_head_json":{"title":"Drei Hauptaussagen | Green Workers","robots":{"index":"index","follow":"follow","max-snippet":"max-snippet:-1","max-image-preview":"max-image-preview:large","max-video-preview":"max-video-preview:-1"},"canonical":"https:\/\/the-green-workers.com\/en\/thoma-holz100\/drei-hauptaussagen\/","og_locale":"en_GB","og_type":"article","og_title":"Drei Hauptaussagen | Green Workers","og_description":"Drei Hauptaussagen1. Das ges\u00fcndeste Haus Die Kraft der B\u00e4ume wirkt auf uns verj\u00fcngend, entspannend, f\u00f6rdert das Immunsystem, l\u00e4sst uns tiefer schlafen und das Herz ruhiger schlagen, f\u00f6rdert Kreativit\u00e4t und Lebensfreude. Wissenschaftlich belegt, durch Holz100 verwirklicht. Jeder kann die Energietankstelle Holz in seinem Leben einbauen.Es gilt nur eine Regel: Je urspr\u00fcnglicher das Holz verarbeitet ist, desto [&hellip;]","og_url":"https:\/\/the-green-workers.com\/en\/thoma-holz100\/drei-hauptaussagen\/","og_site_name":"Green Workers","article_publisher":"https:\/\/www.facebook.com\/greenworkersberlin","article_modified_time":"2023-05-07T14:24:48+00:00","twitter_card":"summary_large_image","twitter_misc":{"Estimated reading time":"8 minutes"},"schema":{"@context":"https:\/\/schema.org","@graph":[{"@type":"WebPage","@id":"https:\/\/the-green-workers.com\/thoma-holz100\/drei-hauptaussagen\/","url":"https:\/\/the-green-workers.com\/thoma-holz100\/drei-hauptaussagen\/","name":"Drei Hauptaussagen | Green Workers","isPartOf":{"@id":"https:\/\/the-green-workers.com\/#website"},"datePublished":"2023-03-29T16:07:07+00:00","dateModified":"2023-05-07T14:24:48+00:00","breadcrumb":{"@id":"https:\/\/the-green-workers.com\/thoma-holz100\/drei-hauptaussagen\/#breadcrumb"},"inLanguage":"en-GB","potentialAction":[{"@type":"ReadAction","target":["https:\/\/the-green-workers.com\/thoma-holz100\/drei-hauptaussagen\/"]}]},{"@type":"BreadcrumbList","@id":"https:\/\/the-green-workers.com\/thoma-holz100\/drei-hauptaussagen\/#breadcrumb","itemListElement":[{"@type":"ListItem","position":1,"name":"Startseite","item":"https:\/\/the-green-workers.com\/"},{"@type":"ListItem","position":2,"name":"Thoma Holz100","item":"https:\/\/the-green-workers.com\/thoma-holz100\/"},{"@type":"ListItem","position":3,"name":"Drei Hauptaussagen"}]},{"@type":"WebSite","@id":"https:\/\/the-green-workers.com\/#website","url":"https:\/\/the-green-workers.com\/","name":"Green Workers","description":"Sustainable and innovative Construction","publisher":{"@id":"https:\/\/the-green-workers.com\/#organization"},"potentialAction":[{"@type":"SearchAction","target":{"@type":"EntryPoint","urlTemplate":"https:\/\/the-green-workers.com\/?s={search_term_string}"},"query-input":{"@type":"PropertyValueSpecification","valueRequired":true,"valueName":"search_term_string"}}],"inLanguage":"en-GB"},{"@type":"Organization","@id":"https:\/\/the-green-workers.com\/#organization","name":"Green Workers","url":"https:\/\/the-green-workers.com\/","logo":{"@type":"ImageObject","inLanguage":"en-GB","@id":"https:\/\/the-green-workers.com\/#\/schema\/logo\/image\/","url":"https:\/\/the-green-workers.com\/wp-content\/uploads\/2019\/12\/Logo-Icon-Links-fu\u0308r-Homepage-v4.png","contentUrl":"https:\/\/the-green-workers.com\/wp-content\/uploads\/2019\/12\/Logo-Icon-Links-fu\u0308r-Homepage-v4.png","width":1000,"height":150,"caption":"Green Workers"},"image":{"@id":"https:\/\/the-green-workers.com\/#\/schema\/logo\/image\/"},"sameAs":["https:\/\/www.facebook.com\/greenworkersberlin"]}]}},"_links":{"self":[{"href":"https:\/\/the-green-workers.com\/en\/wp-json\/wp\/v2\/pages\/33612","targetHints":{"allow":["GET"]}}],"collection":[{"href":"https:\/\/the-green-workers.com\/en\/wp-json\/wp\/v2\/pages"}],"about":[{"href":"https:\/\/the-green-workers.com\/en\/wp-json\/wp\/v2\/types\/page"}],"author":[{"embeddable":true,"href":"https:\/\/the-green-workers.com\/en\/wp-json\/wp\/v2\/users\/2"}],"replies":[{"embeddable":true,"href":"https:\/\/the-green-workers.com\/en\/wp-json\/wp\/v2\/comments?post=33612"}],"version-history":[{"count":14,"href":"https:\/\/the-green-workers.com\/en\/wp-json\/wp\/v2\/pages\/33612\/revisions"}],"predecessor-version":[{"id":33655,"href":"https:\/\/the-green-workers.com\/en\/wp-json\/wp\/v2\/pages\/33612\/revisions\/33655"}],"up":[{"embeddable":true,"href":"https:\/\/the-green-workers.com\/en\/wp-json\/wp\/v2\/pages\/33524"}],"wp:attachment":[{"href":"https:\/\/the-green-workers.com\/en\/wp-json\/wp\/v2\/media?parent=33612"}],"curies":[{"name":"wp","href":"https:\/\/api.w.org\/{rel}","templated":true}]}}